{"id":133,"date":"2025-08-28T18:00:03","date_gmt":"2025-08-28T16:00:03","guid":{"rendered":"https:\/\/regal-atelier.de\/?page_id=133"},"modified":"2025-09-13T11:40:16","modified_gmt":"2025-09-13T09:40:16","slug":"ueber-uns","status":"publish","type":"page","link":"https:\/\/regal-atelier.de\/?page_id=133","title":{"rendered":"\u00dcber uns"},"content":{"rendered":"\t\t<div data-elementor-type=\"wp-page\" data-elementor-id=\"133\" class=\"elementor elementor-133\" data-elementor-post-type=\"page\">\n\t\t\t\t<div class=\"elementor-element elementor-element-c3e9007 e-flex e-con-boxed e-con e-parent\" data-id=\"c3e9007\" data-element_type=\"container\" data-e-type=\"container\">\n\t\t\t\t\t<div class=\"e-con-inner\">\n\t\t\t\t<div class=\"elementor-element elementor-element-e6afc95 elementor-widget elementor-widget-text-editor\" data-id=\"e6afc95\" data-element_type=\"widget\" data-e-type=\"widget\" data-widget_type=\"text-editor.default\">\n\t\t\t\t\t\t\t\t\t<p><strong>Die richtige Wahl f\u00fcr Ihr Gesch\u00e4ft<\/strong><\/p><p>Regal-Atelier Ladenregalsysteme steht seit seiner Gr\u00fcndung f\u00fcr h\u00f6chste Qualit\u00e4t, innovative L\u00f6sungen und absolute Kundenzufriedenheit. Unser Ziel: Ihrem Gesch\u00e4ft die perfekte Ausstattung zu bieten \u2013 funktional, modern und wirtschaftlich.<\/p><p>Wir kombinieren modernste Technologie mit dem Know-how unserer Fachkr\u00e4fte und bieten Ihnen nicht nur Ladenregalsysteme, sondern auch ma\u00dfgeschneiderte Dekorationskonzepte. Ob Supermarkt, Boutique oder Fachhandel \u2013 wir schaffen L\u00f6sungen, die Ihr Gesch\u00e4ft optimal pr\u00e4sentieren und Ihre Verkaufsfl\u00e4chen in Szene setzen.<\/p><p>Warum Regal-Atelier?<\/p><ul><li>Innovative Regalsysteme \u2013 ergonomisch, stabil und flexibel<\/li><li>Individuelle Designs \u2013 abgestimmt auf Ihre Marke und Ihre Kunden<\/li><li>Faire Preise &amp; hohe Qualit\u00e4t \u2013 damit sich Ihre Investition lohnt<\/li><li>Komplettl\u00f6sungen \u2013 von der Planung bis zur Umsetzung<\/li><li>Erfahrung &amp; Kompetenz \u2013 \u00fcber 3000 m\u00b2 Produktionsfl\u00e4che und ein starkes Team<\/li><li>Faire Preise. H\u00f6chste Qualit\u00e4t. Garantiert.<\/li><\/ul><p>\u00a0<\/p><p>Mit kreativen Ideen und modernem Design verwandeln wir stereotype R\u00e4ume in helle, einladende und verkaufsstarke Fl\u00e4chen. Unser st\u00e4ndig wachsendes Team sorgt daf\u00fcr, dass Sie jederzeit die beste L\u00f6sung f\u00fcr Ihr Gesch\u00e4ft erhalten \u2013 zuverl\u00e4ssig, komfortabel und auf Ihre Bed\u00fcrfnisse zugeschnitten.<\/p><p>Ob ma\u00dfgeschneiderte Regalsysteme oder individuelle St\u00e4nde \u2013 mit Regal-Atelier haben Sie einen Partner an Ihrer Seite, der Ihr Gesch\u00e4ft nach vorne bringt.<\/p><p><strong>\ud83d\udc49 Kontaktieren Sie uns noch heute und lassen Sie\u00a0sich\u00a0beraten!<\/strong><\/p>\t\t\t\t\t\t\t\t<\/div>\n\t\t\t\t\t<\/div>\n\t\t\t\t<\/div>\n\t\t<div class=\"elementor-element elementor-element-030e4bb e-flex e-con-boxed e-con e-parent\" data-id=\"030e4bb\" data-element_type=\"container\" data-e-type=\"container\">\n\t\t\t\t\t<div class=\"e-con-inner\">\n\t\t\t\t\t<\/div>\n\t\t\t\t<\/div>\n\t\t\t\t<\/div>\n\t\t","protected":false},"excerpt":{"rendered":"<p>Die richtige Wahl f\u00fcr Ihr Gesch\u00e4ft Regal-Atelier Ladenregalsysteme steht seit seiner Gr\u00fcndung f\u00fcr h\u00f6chste Qualit\u00e4t, innovative L\u00f6sungen und absolute Kundenzufriedenheit. Unser Ziel: Ihrem Gesch\u00e4ft die perfekte Ausstattung zu bieten \u2013 funktional, modern und wirtschaftlich. Wir kombinieren modernste Technologie mit dem Know-how unserer Fachkr\u00e4fte und bieten Ihnen nicht nur Ladenregalsysteme, sondern auch ma\u00dfgeschneiderte Dekorationskonzepte. Ob Supermarkt, [&hellip;]<\/p>\n","protected":false},"author":1,"featured_media":0,"parent":0,"menu_order":0,"comment_status":"closed","ping_status":"closed","template":"","meta":{"footnotes":""},"class_list":["post-133","page","type-page","status-publish","hentry"],"_links":{"self":[{"href":"https:\/\/regal-atelier.de\/index.php?rest_route=\/wp\/v2\/pages\/133","targetHints":{"allow":["GET"]}}],"collection":[{"href":"https:\/\/regal-atelier.de\/index.php?rest_route=\/wp\/v2\/pages"}],"about":[{"href":"https:\/\/regal-atelier.de\/index.php?rest_route=\/wp\/v2\/types\/page"}],"author":[{"embeddable":true,"href":"https:\/\/regal-atelier.de\/index.php?rest_route=\/wp\/v2\/users\/1"}],"replies":[{"embeddable":true,"href":"https:\/\/regal-atelier.de\/index.php?rest_route=%2Fwp%2Fv2%2Fcomments&post=133"}],"version-history":[{"count":10,"href":"https:\/\/regal-atelier.de\/index.php?rest_route=\/wp\/v2\/pages\/133\/revisions"}],"predecessor-version":[{"id":809,"href":"https:\/\/regal-atelier.de\/index.php?rest_route=\/wp\/v2\/pages\/133\/revisions\/809"}],"wp:attachment":[{"href":"https:\/\/regal-atelier.de\/index.php?rest_route=%2Fwp%2Fv2%2Fmedia&parent=133"}],"curies":[{"name":"wp","href":"https:\/\/api.w.org\/{rel}","templated":true}]}}